{"id":26530,"date":"2025-10-31T09:04:19","date_gmt":"2025-10-31T09:04:19","guid":{"rendered":"https:\/\/new-support.sunenergyxt.com\/blog\/?page_id=26530"},"modified":"2025-11-05T02:27:46","modified_gmt":"2025-11-05T02:27:46","slug":"faq-speicher-ev3600","status":"publish","type":"page","link":"https:\/\/www.sunenergyxt.com\/blog\/faq-speicher-ev3600\/","title":{"rendered":"FAQ Speicher \/ EV3600"},"content":{"rendered":"\t\t<div data-elementor-type=\"wp-post\" data-elementor-id=\"26530\" class=\"elementor elementor-26530\" data-elementor-post-type=\"page\">\n\t\t\t\t<div class=\"elementor-element elementor-element-bc3e492 e-flex e-con-boxed e-con e-parent\" data-id=\"bc3e492\" data-element_type=\"container\" data-settings=\"{&quot;background_background&quot;:&quot;gradient&quot;}\">\n\t\t\t\t\t<div class=\"e-con-inner\">\n\t\t<div class=\"elementor-element elementor-element-590e15d e-con-full e-flex e-con e-child\" data-id=\"590e15d\" data-element_type=\"container\">\n\t\t\t\t<div class=\"elementor-element elementor-element-84d018c elementor-widget elementor-widget-hfe-infocard\" data-id=\"84d018c\" data-element_type=\"widget\" data-widget_type=\"hfe-infocard.default\">\n\t\t\t\t<div class=\"elementor-widget-container\">\n\t\t\t\t\t\n\t\t<div class=\"hfe-infocard\">\n\t\t\t\t\t\t\t\t\t<div class=\"hfe-infocard-title-wrap\">\n\t\t\t\t<h2 class=\"hfe-infocard-title elementor-inline-editing\" data-elementor-setting-key=\"infocard_title\" data-elementor-inline-editing-toolbar=\"basic\" >FAQ<\/h2>\t\t\t<\/div>\n\t\t\t\t\t\t<div class=\"hfe-infocard-text-wrap\">\n\t\t\t\t<div class=\"hfe-infocard-text elementor-inline-editing\" data-elementor-setting-key=\"infocard_description\" data-elementor-inline-editing-toolbar=\"advanced\">\n\t\t\t\t\t\t\t\t\t<\/div>\n\t\t\t\t\t\t\t<\/div>\n\t\t<\/div>\n\n\t\t\t\t\t\t<\/div>\n\t\t\t\t<\/div>\n\t\t\t\t<div class=\"elementor-element elementor-element-4088f3f elementor-widget-mobile__width-inherit elementor-widget elementor-widget-search\" data-id=\"4088f3f\" data-element_type=\"widget\" data-settings=\"{&quot;submit_trigger&quot;:&quot;click_submit&quot;,&quot;pagination_type_options&quot;:&quot;none&quot;}\" data-widget_type=\"search.default\">\n\t\t\t\t<div class=\"elementor-widget-container\">\n\t\t\t\t\t\t\t<search class=\"e-search hidden\" role=\"search\">\n\t\t\t<form class=\"e-search-form\" action=\"https:\/\/www.sunenergyxt.com\/blog\" method=\"get\">\n\n\t\t\t\t\n\t\t\t\t<label class=\"e-search-label\" for=\"search-4088f3f\">\n\t\t\t\t\t<span class=\"elementor-screen-only\">\n\t\t\t\t\t\tSearch\t\t\t\t\t<\/span>\n\t\t\t\t\t\t\t\t\t<\/label>\n\n\t\t\t\t<div class=\"e-search-input-wrapper\">\n\t\t\t\t\t<input id=\"search-4088f3f\" placeholder=\"Nach Losungen suchen...\" class=\"e-search-input\" type=\"search\" name=\"s\" value=\"\" autocomplete=\"on\" role=\"combobox\" aria-autocomplete=\"list\" aria-expanded=\"false\" aria-controls=\"results-4088f3f\" aria-haspopup=\"listbox\">\n\t\t\t\t\t<i aria-hidden=\"true\" class=\"fas fa-times\"><\/i>\t\t\t\t\t\t\t\t\t\t<output id=\"results-4088f3f\" class=\"e-search-results-container hide-loader\" aria-live=\"polite\" aria-atomic=\"true\" aria-label=\"Results for search\" tabindex=\"0\">\n\t\t\t\t\t\t<div class=\"e-search-results\"><\/div>\n\t\t\t\t\t\t\t\t\t\t\t<\/output>\n\t\t\t\t\t\t\t\t\t<\/div>\n\t\t\t\t\n\t\t\t\t\n\t\t\t\t<button class=\"e-search-submit  \" type=\"submit\" aria-label=\"Search\">\n\t\t\t\t\t<i aria-hidden=\"true\" class=\"fas fa-search\"><\/i>\n\t\t\t\t\t\t\t\t\t<\/button>\n\t\t\t\t<input type=\"hidden\" name=\"e_search_props\" value=\"4088f3f-26530\">\n\t\t\t<\/form>\n\t\t<\/search>\n\t\t\t\t\t\t<\/div>\n\t\t\t\t<\/div>\n\t\t\t\t<\/div>\n\t\t\t\t\t<\/div>\n\t\t\t\t<\/div>\n\t\t<div class=\"elementor-element elementor-element-bdf40d8 e-flex e-con-boxed e-con e-parent\" data-id=\"bdf40d8\" data-element_type=\"container\" data-settings=\"{&quot;background_background&quot;:&quot;classic&quot;}\">\n\t\t\t\t\t<div class=\"e-con-inner\">\n\t\t<div class=\"elementor-element elementor-element-e1643d5 e-con-full e-flex e-con e-child\" data-id=\"e1643d5\" data-element_type=\"container\">\n\t\t\t\t<div class=\"elementor-element elementor-element-6b8c986 elementor-widget elementor-widget-heading\" data-id=\"6b8c986\" data-element_type=\"widget\" data-widget_type=\"heading.default\">\n\t\t\t\t<div class=\"elementor-widget-container\">\n\t\t\t\t\t<h2 class=\"elementor-heading-title elementor-size-default\">Speicher \/ EV3600<\/h2>\t\t\t\t<\/div>\n\t\t\t\t<\/div>\n\t\t\t\t<div class=\"elementor-element elementor-element-77dc17f elementor-widget elementor-widget-shortcode\" data-id=\"77dc17f\" data-element_type=\"widget\" data-widget_type=\"shortcode.default\">\n\t\t\t\t<div class=\"elementor-widget-container\">\n\t\t\t\t\t\t\t<div class=\"elementor-shortcode\">            <div class=\"qae-faqs-container qae-faqs-toggle-container\">\n\t\t\t\t\t\t\t<ul class=\"qe-faqs-filters-container\">\n\t\t\t\t<li class=\"active\"><a class=\"qe-faqs-filter all-faqs\" href=\"#\" data-filter=\"*\">\u5168\u90e8<\/a><\/li>\n\t\t\t\t<li><a class=\"qe-faqs-filter\" href=\"#Speicher \/ EV3600\" data-filter=\".Speicher \/ EV3600\">Speicher \/ EV3600<\/a><\/li>\t\t\t<\/ul>\n\t\t\t\t\t<div id=\"qaef-26520\" class=\"qe-faq-toggle featured speicher-ev3600\">\n\t\t\t<div class=\"qe-toggle-title\">\n\t\t\t\t<h4>\n\t\t\t\t\t<i class=\"fa fa-minus-circle\"><\/i> Kann ich mit einem Speicher auch bei Stromausfall Ger\u00e4te betreiben?\t\t\t\t<\/h4>\n\t\t\t<\/div>\n\t\t\t<div class=\"qe-toggle-content\">\n\t\t\t\t\n<p>Ja, mit inself\u00e4higen Speichern wie dem EV3600 kannst du bei Stromausfall wichtige Ger\u00e4te weiter betreiben.<\/p>\n\t\t\t<\/div>\n\t\t<\/div>\n\t\t\t\t<div id=\"qaef-26519\" class=\"qe-faq-toggle featured speicher-ev3600\">\n\t\t\t<div class=\"qe-toggle-title\">\n\t\t\t\t<h4>\n\t\t\t\t\t<i class=\"fa fa-minus-circle\"><\/i> Muss ein Speicher ebenfalls beim Netzbetreiber gemeldet werden?\t\t\t\t<\/h4>\n\t\t\t<\/div>\n\t\t\t<div class=\"qe-toggle-content\">\n\t\t\t\t\n<p>In der Regel ist keine separate Anmeldung n\u00f6tig \u2013 die PV-Anlage muss jedoch gemeldet werden.<\/p>\n\t\t\t<\/div>\n\t\t<\/div>\n\t\t\t\t<div id=\"qaef-26518\" class=\"qe-faq-toggle speicher-ev3600\">\n\t\t\t<div class=\"qe-toggle-title\">\n\t\t\t\t<h4>\n\t\t\t\t\t<i class=\"fa fa-minus-circle\"><\/i> Wie sicher sind Speicherl\u00f6sungen f\u00fcr Balkonkraftwerke?\t\t\t\t<\/h4>\n\t\t\t<\/div>\n\t\t\t<div class=\"qe-toggle-content\">\n\t\t\t\t\n<p>Hochwertige Speicher sind gegen \u00dcberhitzung, Kurzschluss und \u00dcberladung gesch\u00fctzt.<\/p>\n\t\t\t<\/div>\n\t\t<\/div>\n\t\t\t\t<div id=\"qaef-26517\" class=\"qe-faq-toggle speicher-ev3600\">\n\t\t\t<div class=\"qe-toggle-title\">\n\t\t\t\t<h4>\n\t\t\t\t\t<i class=\"fa fa-minus-circle\"><\/i> Was ist der Unterschied zwischen AC- und DC-gekoppelten Speichern?\t\t\t\t<\/h4>\n\t\t\t<\/div>\n\t\t\t<div class=\"qe-toggle-content\">\n\t\t\t\t\n<p>AC-Systeme werden ans Hausnetz gekoppelt, DC-Systeme direkt an die PV-Anlage \u2013 beide haben Vor- und Nachteile.<\/p>\n\t\t\t<\/div>\n\t\t<\/div>\n\t\t\t\t<div id=\"qaef-26516\" class=\"qe-faq-toggle speicher-ev3600\">\n\t\t\t<div class=\"qe-toggle-title\">\n\t\t\t\t<h4>\n\t\t\t\t\t<i class=\"fa fa-minus-circle\"><\/i> Wie wirkt sich ein Speicher auf meine Stromkosten aus?\t\t\t\t<\/h4>\n\t\t\t<\/div>\n\t\t\t<div class=\"qe-toggle-content\">\n\t\t\t\t\n<p>Ein Speicher reduziert den Bezug von Netzstrom und spart dadurch Stromkosten.<\/p>\n\t\t\t<\/div>\n\t\t<\/div>\n\t\t\t\t<div id=\"qaef-26515\" class=\"qe-faq-toggle featured speicher-ev3600\">\n\t\t\t<div class=\"qe-toggle-title\">\n\t\t\t\t<h4>\n\t\t\t\t\t<i class=\"fa fa-minus-circle\"><\/i> Was kostet ein Komplettsystem mit Speicher und Wechselrichter?\t\t\t\t<\/h4>\n\t\t\t<\/div>\n\t\t\t<div class=\"qe-toggle-content\">\n\t\t\t\t\n<p>Ein Komplettsystem inklusive Speicher und Wechselrichter kostet je nach Ausstattung zwischen 1.000 und 2.000 \u20ac.<\/p>\n\t\t\t<\/div>\n\t\t<\/div>\n\t\t\t\t<div id=\"qaef-26514\" class=\"qe-faq-toggle speicher-ev3600\">\n\t\t\t<div class=\"qe-toggle-title\">\n\t\t\t\t<h4>\n\t\t\t\t\t<i class=\"fa fa-minus-circle\"><\/i> Darf ich mein Balkonkraftwerk selbst montieren?\t\t\t\t<\/h4>\n\t\t\t<\/div>\n\t\t\t<div class=\"qe-toggle-content\">\n\t\t\t\t\n<p>Ja, steckerfertige Balkonkraftwerke darfst du selbst installieren. F\u00fcr Speicher oder feste Verbindungen wird oft Fachpersonal empfohlen.<\/p>\n\t\t\t<\/div>\n\t\t<\/div>\n\t\t\t\t<div id=\"qaef-26513\" class=\"qe-faq-toggle speicher-ev3600\">\n\t\t\t<div class=\"qe-toggle-title\">\n\t\t\t\t<h4>\n\t\t\t\t\t<i class=\"fa fa-minus-circle\"><\/i> Wohin stelle ich den Speicher am besten?\t\t\t\t<\/h4>\n\t\t\t<\/div>\n\t\t\t<div class=\"qe-toggle-content\">\n\t\t\t\t\n<p>Er sollte trocken und gesch\u00fctzt stehen \u2013 z. B. im Keller, Schuppen oder wetterfest drau\u00dfen.<\/p>\n\t\t\t<\/div>\n\t\t<\/div>\n\t\t\t\t<div id=\"qaef-26512\" class=\"qe-faq-toggle speicher-ev3600\">\n\t\t\t<div class=\"qe-toggle-title\">\n\t\t\t\t<h4>\n\t\t\t\t\t<i class=\"fa fa-minus-circle\"><\/i> Wie schlie\u00dfe ich einen Speicher an mein Balkonkraftwerk an?\t\t\t\t<\/h4>\n\t\t\t<\/div>\n\t\t\t<div class=\"qe-toggle-content\">\n\t\t\t\t\n<p>Der Speicher wird mit dem Wechselrichter verbunden \u2013 oft Plug &amp; Play mit wenigen Handgriffen.<\/p>\n\t\t\t<\/div>\n\t\t<\/div>\n\t\t\t\t<div id=\"qaef-26511\" class=\"qe-faq-toggle speicher-ev3600\">\n\t\t\t<div class=\"qe-toggle-title\">\n\t\t\t\t<h4>\n\t\t\t\t\t<i class=\"fa fa-minus-circle\"><\/i> Was ist der beste Speicher f\u00fcr ein Balkonkraftwerk?\t\t\t\t<\/h4>\n\t\t\t<\/div>\n\t\t\t<div class=\"qe-toggle-content\">\n\t\t\t\t\n<p>Der &#8216;beste&#8217; Speicher h\u00e4ngt vom Bedarf ab \u2013 SunEnergyXT bietet leistungsstarke und modulare Optionen.<\/p>\n\t\t\t<\/div>\n\t\t<\/div>\n\t\t\t\t<div id=\"qaef-26510\" class=\"qe-faq-toggle speicher-ev3600\">\n\t\t\t<div class=\"qe-toggle-title\">\n\t\t\t\t<h4>\n\t\t\t\t\t<i class=\"fa fa-minus-circle\"><\/i> Welche Speicherl\u00f6sungen sind mit Balkonkraftwerken kompatibel?\t\t\t\t<\/h4>\n\t\t\t<\/div>\n\t\t\t<div class=\"qe-toggle-content\">\n\t\t\t\t\n<p>Kompatibel sind Speicher, die mit handels\u00fcblichen Wechselrichtern arbeiten \u2013 wie SunEnergyXT-Systeme.<\/p>\n\t\t\t<\/div>\n\t\t<\/div>\n\t\t\t\t<div id=\"qaef-26509\" class=\"qe-faq-toggle speicher-ev3600\">\n\t\t\t<div class=\"qe-toggle-title\">\n\t\t\t\t<h4>\n\t\t\t\t\t<i class=\"fa fa-minus-circle\"><\/i> Wann lohnt sich ein Speicher in Kombination mit einem Balkonkraftwerk?\t\t\t\t<\/h4>\n\t\t\t<\/div>\n\t\t\t<div class=\"qe-toggle-content\">\n\t\t\t\t\n<p>Ein Speicher lohnt sich, wenn du den Eigenverbrauch erh\u00f6hen oder unabh\u00e4ngiger werden m\u00f6chtest.<\/p>\n\t\t\t<\/div>\n\t\t<\/div>\n\t\t\t\t<div id=\"qaef-26508\" class=\"qe-faq-toggle speicher-ev3600\">\n\t\t\t<div class=\"qe-toggle-title\">\n\t\t\t\t<h4>\n\t\t\t\t\t<i class=\"fa fa-minus-circle\"><\/i> Wie funktioniert ein Speicher f\u00fcr ein Balkonkraftwerk?\t\t\t\t<\/h4>\n\t\t\t<\/div>\n\t\t\t<div class=\"qe-toggle-content\">\n\t\t\t\t\n<p>Der Speicher nimmt \u00fcbersch\u00fcssigen PV-Strom auf und gibt ihn bei Bedarf wieder ab.<\/p>\n\t\t\t<\/div>\n\t\t<\/div>\n\t\t\t\t<div id=\"qaef-26505\" class=\"qe-faq-toggle speicher-ev3600\">\n\t\t\t<div class=\"qe-toggle-title\">\n\t\t\t\t<h4>\n\t\t\t\t\t<i class=\"fa fa-minus-circle\"><\/i> Gibt es wasserdichte Speicherl\u00f6sungen f\u00fcr den Au\u00dfenbereich?\t\t\t\t<\/h4>\n\t\t\t<\/div>\n\t\t\t<div class=\"qe-toggle-content\">\n\t\t\t\t\n<p>Ja, viele Speicher \u2013 wie der BK215 \u2013 sind nach IP65 zertifiziert und somit wetterfest.<\/p>\n\t\t\t<\/div>\n\t\t<\/div>\n\t\t\t\t<div id=\"qaef-26504\" class=\"qe-faq-toggle speicher-ev3600\">\n\t\t\t<div class=\"qe-toggle-title\">\n\t\t\t\t<h4>\n\t\t\t\t\t<i class=\"fa fa-minus-circle\"><\/i> Wie gro\u00df sollte ein Speicher f\u00fcr ein Balkonkraftwerk dimensioniert sein?\t\t\t\t<\/h4>\n\t\t\t<\/div>\n\t\t\t<div class=\"qe-toggle-content\">\n\t\t\t\t\n<p>Eine Kapazit\u00e4t von rund 2\u20133 kWh ist ein guter Ausgangspunkt f\u00fcr typische Anwendungen.<\/p>\n\t\t\t<\/div>\n\t\t<\/div>\n\t\t\t\t<div id=\"qaef-26503\" class=\"qe-faq-toggle speicher-ev3600\">\n\t\t\t<div class=\"qe-toggle-title\">\n\t\t\t\t<h4>\n\t\t\t\t\t<i class=\"fa fa-minus-circle\"><\/i> Ideal sind modulare Speicher mit ca. 2\u20134 kWh Kapazit\u00e4t, wie z. B. der BK215 von SunEnergyXT.\t\t\t\t<\/h4>\n\t\t\t<\/div>\n\t\t\t<div class=\"qe-toggle-content\">\n\t\t\t\t\n<p>Das h\u00e4ngt vom Strombedarf ab \u2013 f\u00fcr den Haushalt abends reichen meist 2\u20134 kWh.<\/p>\n\t\t\t<\/div>\n\t\t<\/div>\n\t\t\t\t<div id=\"qaef-26502\" class=\"qe-faq-toggle speicher-ev3600\">\n\t\t\t<div class=\"qe-toggle-title\">\n\t\t\t\t<h4>\n\t\t\t\t\t<i class=\"fa fa-minus-circle\"><\/i> Welcher Speicher eignet sich am besten f\u00fcr mein Balkonkraftwerk?\t\t\t\t<\/h4>\n\t\t\t<\/div>\n\t\t\t<div class=\"qe-toggle-content\">\n\t\t\t\t\n<p>Ideal sind modulare Speicher mit ca. 2\u20134 kWh Kapazit\u00e4t, wie z. B. der BK215 von SunEnergyXT.<\/p>\n\t\t\t<\/div>\n\t\t<\/div>\n\t\t\t\t<div id=\"qaef-26501\" class=\"qe-faq-toggle speicher-ev3600\">\n\t\t\t<div class=\"qe-toggle-title\">\n\t\t\t\t<h4>\n\t\t\t\t\t<i class=\"fa fa-minus-circle\"><\/i> Wie viel Strom produziert ein Balkonkraftwerk pro Jahr?\t\t\t\t<\/h4>\n\t\t\t<\/div>\n\t\t\t<div class=\"qe-toggle-content\">\n\t\t\t\t\n<p>Ein Balkonkraftwerk mit zwei Modulen erzeugt im Jahresdurchschnitt 600 bis 850 kWh \u2013 abh\u00e4ngig vom Standort.<\/p>\n\t\t\t<\/div>\n\t\t<\/div>\n\t\t\t\t<div id=\"qaef-26500\" class=\"qe-faq-toggle speicher-ev3600\">\n\t\t\t<div class=\"qe-toggle-title\">\n\t\t\t\t<h4>\n\t\t\t\t\t<i class=\"fa fa-minus-circle\"><\/i> Wie lange h\u00e4lt der Speicher?\t\t\t\t<\/h4>\n\t\t\t<\/div>\n\t\t\t<div class=\"qe-toggle-content\">\n\t\t\t\t\n<p>Die Speicher von SunEnergyXT sind auf 10+ Jahre Lebensdauer ausgelegt und verf\u00fcgen \u00fcber eine 5-j\u00e4hrige Produktgarantie.<\/p>\n\t\t\t<\/div>\n\t\t<\/div>\n\t\t\t\t<div id=\"qaef-26499\" class=\"qe-faq-toggle speicher-ev3600\">\n\t\t\t<div class=\"qe-toggle-title\">\n\t\t\t\t<h4>\n\t\t\t\t\t<i class=\"fa fa-minus-circle\"><\/i> L\u00e4sst sich ein Speicher nachr\u00fcsten, wenn ich bereits ein Balkonkraftwerk habe?\t\t\t\t<\/h4>\n\t\t\t<\/div>\n\t\t\t<div class=\"qe-toggle-content\">\n\t\t\t\t\n<p>Ja, viele Systeme sind nachr\u00fcstbar \u2013 du kannst auch sp\u00e4ter modular erweitern.<\/p>\n\t\t\t<\/div>\n\t\t<\/div>\n\t\t\t\t<div id=\"qaef-26497\" class=\"qe-faq-toggle speicher-ev3600\">\n\t\t\t<div class=\"qe-toggle-title\">\n\t\t\t\t<h4>\n\t\t\t\t\t<i class=\"fa fa-minus-circle\"><\/i> Wie kann ich den F\u00fcllstand meines Speichers \u00fcberwachen?\t\t\t\t<\/h4>\n\t\t\t<\/div>\n\t\t\t<div class=\"qe-toggle-content\">\n\t\t\t\t\n<p>Die SunEnergyXT App zeigt dir den aktuellen Ladezustand und den Stromverbrauch in Echtzeit.<\/p>\n\t\t\t<\/div>\n\t\t<\/div>\n\t\t\t\t<div id=\"qaef-26496\" class=\"qe-faq-toggle speicher-ev3600\">\n\t\t\t<div class=\"qe-toggle-title\">\n\t\t\t\t<h4>\n\t\t\t\t\t<i class=\"fa fa-minus-circle\"><\/i> Brauche ich einen speziellen Wechselrichter f\u00fcr den Speicher?\t\t\t\t<\/h4>\n\t\t\t<\/div>\n\t\t\t<div class=\"qe-toggle-content\">\n\t\t\t\t\n<p>Ja, f\u00fcr einige Speicher ist ein passender Wechselrichter n\u00f6tig \u2013 z. B. der EV3600.<\/p>\n\t\t\t<\/div>\n\t\t<\/div>\n\t\t\t\t<div id=\"qaef-26495\" class=\"qe-faq-toggle featured speicher-ev3600\">\n\t\t\t<div class=\"qe-toggle-title\">\n\t\t\t\t<h4>\n\t\t\t\t\t<i class=\"fa fa-minus-circle\"><\/i> Wie kann ich meinen Stromverbrauch mit einem Speicher optimieren?\t\t\t\t<\/h4>\n\t\t\t<\/div>\n\t\t\t<div class=\"qe-toggle-content\">\n\t\t\t\t\n<p>Durch Lastverschiebung \u2013 z. B. Ger\u00e4te abends mit selbst erzeugtem Strom betreiben.<\/p>\n\t\t\t<\/div>\n\t\t<\/div>\n\t\t\t\t<div id=\"qaef-26494\" class=\"qe-faq-toggle speicher-ev3600\">\n\t\t\t<div class=\"qe-toggle-title\">\n\t\t\t\t<h4>\n\t\t\t\t\t<i class=\"fa fa-minus-circle\"><\/i> Welche Vorteile bringt ein Speicher im Alltag?\t\t\t\t<\/h4>\n\t\t\t<\/div>\n\t\t\t<div class=\"qe-toggle-content\">\n\t\t\t\t\n<p>Man kann den Strom auch abends nutzen, spart Netzstrom und erh\u00f6ht die Autarkie.<\/p>\n\t\t\t<\/div>\n\t\t<\/div>\n\t\t\t\t<div id=\"qaef-26493\" class=\"qe-faq-toggle speicher-ev3600\">\n\t\t\t<div class=\"qe-toggle-title\">\n\t\t\t\t<h4>\n\t\t\t\t\t<i class=\"fa fa-minus-circle\"><\/i> Wie funktioniert ein Balkonkraftwerk-Speicher im Winter?\t\t\t\t<\/h4>\n\t\t\t<\/div>\n\t\t\t<div class=\"qe-toggle-content\">\n\t\t\t\t\n<p>SunEnergyXT-Speicher verf\u00fcgen \u00fcber eine Heizung, um auch bei K\u00e4lte zuverl\u00e4ssig zu funktionieren.<\/p>\n\t\t\t<\/div>\n\t\t<\/div>\n\t\t\t\t<div id=\"qaef-26492\" class=\"qe-faq-toggle speicher-ev3600\">\n\t\t\t<div class=\"qe-toggle-title\">\n\t\t\t\t<h4>\n\t\t\t\t\t<i class=\"fa fa-minus-circle\"><\/i> Was passiert, wenn mein Balkonkraftwerk-Speicher voll ist?\t\t\t\t<\/h4>\n\t\t\t<\/div>\n\t\t\t<div class=\"qe-toggle-content\">\n\t\t\t\t\n<p>Der Speicher l\u00e4dt nicht weiter \u2013 intelligente Systeme leiten den Strom dann ins Netz um.<\/p>\n\t\t\t<\/div>\n\t\t<\/div>\n\t\t\t\t<div id=\"qaef-26491\" class=\"qe-faq-toggle speicher-ev3600\">\n\t\t\t<div class=\"qe-toggle-title\">\n\t\t\t\t<h4>\n\t\t\t\t\t<i class=\"fa fa-minus-circle\"><\/i> Wie lange h\u00e4lt ein Speicher bei einem Balkonkraftwerk durch?\t\t\t\t<\/h4>\n\t\t\t<\/div>\n\t\t\t<div class=\"qe-toggle-content\">\n\t\t\t\t\n<p>Bei normalem Gebrauch halten Speicher 10 Jahre oder l\u00e4nger \u2013 oft mit Garantie abgesichert.<\/p>\n\t\t\t<\/div>\n\t\t<\/div>\n\t\t\t\t<div id=\"qaef-26490\" class=\"qe-faq-toggle speicher-ev3600\">\n\t\t\t<div class=\"qe-toggle-title\">\n\t\t\t\t<h4>\n\t\t\t\t\t<i class=\"fa fa-minus-circle\"><\/i> Wie viel Volt hat ein Balkonkraftwerk-Speicher?\t\t\t\t<\/h4>\n\t\t\t<\/div>\n\t\t\t<div class=\"qe-toggle-content\">\n\t\t\t\t\n<p>Die Betriebsspannung liegt je nach Modell zwischen 48 V und 230 V AC.<\/p>\n\t\t\t<\/div>\n\t\t<\/div>\n\t\t\t\t<div id=\"qaef-26489\" class=\"qe-faq-toggle speicher-ev3600\">\n\t\t\t<div class=\"qe-toggle-title\">\n\t\t\t\t<h4>\n\t\t\t\t\t<i class=\"fa fa-minus-circle\"><\/i> Wieviel Speicher ist bei einem Balkonkraftwerk sinnvoll?\t\t\t\t<\/h4>\n\t\t\t<\/div>\n\t\t\t<div class=\"qe-toggle-content\">\n\t\t\t\t\n<p>F\u00fcr typische Haushalte reichen 2\u20134 kWh Speicher, bei h\u00f6heren Anspr\u00fcchen bis zu 8 kWh.<\/p>\n\t\t\t<\/div>\n\t\t<\/div>\n\t\t\t\t<div id=\"qaef-26488\" class=\"qe-faq-toggle speicher-ev3600\">\n\t\t\t<div class=\"qe-toggle-title\">\n\t\t\t\t<h4>\n\t\t\t\t\t<i class=\"fa fa-minus-circle\"><\/i> Was ist der Unterschied zwischen einem 600W- und einem 800W-Balkonkraftwerk?\t\t\t\t<\/h4>\n\t\t\t<\/div>\n\t\t\t<div class=\"qe-toggle-content\">\n\t\t\t\t\n<p>800W-Ger\u00e4te liefern mehr Strom als 600W-Systeme \u2013 die Investition lohnt sich durch h\u00f6heren Eigenverbrauch und k\u00fcrzere Amortisation.<\/p>\n\t\t\t<\/div>\n\t\t<\/div>\n\t\t\t\t<div id=\"qaef-26487\" class=\"qe-faq-toggle speicher-ev3600\">\n\t\t\t<div class=\"qe-toggle-title\">\n\t\t\t\t<h4>\n\t\t\t\t\t<i class=\"fa fa-minus-circle\"><\/i> Kann ich ein Balkonkraftwerk auf einem Carport installieren?\t\t\t\t<\/h4>\n\t\t\t<\/div>\n\t\t\t<div class=\"qe-toggle-content\">\n\t\t\t\t\n<p>Ja, auch Carports k\u00f6nnen mit Solarmodulen best\u00fcckt werden. SunEnergyXT bietet mit dem SolarDRIVE eine smarte Komplettl\u00f6sung daf\u00fcr.<\/p>\n\t\t\t<\/div>\n\t\t<\/div>\n\t\t\t\t<div id=\"qaef-26486\" class=\"qe-faq-toggle speicher-ev3600\">\n\t\t\t<div class=\"qe-toggle-title\">\n\t\t\t\t<h4>\n\t\t\t\t\t<i class=\"fa fa-minus-circle\"><\/i> Kann ich mit dem Speicher auch abends meinen Strom nutzen?\t\t\t\t<\/h4>\n\t\t\t<\/div>\n\t\t\t<div class=\"qe-toggle-content\">\n\t\t\t\t\n<p>Ja. Genau daf\u00fcr ist der Speicher gedacht: Er speichert tags\u00fcber erzeugten Solarstrom und stellt ihn abends oder nachts wieder zur Verf\u00fcgung. So kannst du deinen Eigenverbrauch deutlich erh\u00f6hen \u2013 besonders in den Stunden, in denen du zu Hause bist und am meisten Strom brauchst.<\/p>\n\t\t\t<\/div>\n\t\t<\/div>\n\t\t\t\t<div id=\"qaef-26485\" class=\"qe-faq-toggle speicher-ev3600\">\n\t\t\t<div class=\"qe-toggle-title\">\n\t\t\t\t<h4>\n\t\t\t\t\t<i class=\"fa fa-minus-circle\"><\/i> Wie funktioniert der Stromspeicher von SunEnergyXT?\t\t\t\t<\/h4>\n\t\t\t<\/div>\n\t\t\t<div class=\"qe-toggle-content\">\n\t\t\t\t\n<p>Der SunEnergyXT-Speicher speichert tags\u00fcber erzeugten Solarstrom und stellt ihn bei Bedarf \u2013 z. B. abends \u2013 wieder zur Verf\u00fcgung.<\/p>\n\t\t\t<\/div>\n\t\t<\/div>\n\t\t            <\/div>\n\t\t\n<\/div>\n\t\t\t\t\t\t<\/div>\n\t\t\t\t<\/div>\n\t\t\t\t<\/div>\n\t\t\t\t\t<\/div>\n\t\t\t\t<\/div>\n\t\t\t\t<\/div>\n\t\t","protected":false},"excerpt":{"rendered":"<p>FAQ Search Speicher  [&hellip;]<\/p>\n","protected":false},"author":1,"featured_media":0,"parent":0,"menu_order":0,"comment_status":"closed","ping_status":"closed","template":"","meta":{"site-sidebar-layout":"no-sidebar","site-content-layout":"page-builder","ast-site-content-layout":"default","site-content-style":"default","site-sidebar-style":"default","ast-global-header-display":"","ast-banner-title-visibility":"","ast-main-header-display":"","ast-hfb-above-header-display":"","ast-hfb-below-header-display":"","ast-hfb-mobile-header-display":"","site-post-title":"","ast-breadcrumbs-content":"","ast-featured-img":"disabled","footer-sml-layout":"","theme-transparent-header-meta":"enabled","adv-header-id-meta":"","stick-header-meta":"","header-above-stick-meta":"","header-main-stick-meta":"","header-below-stick-meta":"","astra-migrate-meta-layouts":"default","ast-page-background-enabled":"default","ast-page-background-meta":{"desktop":{"background-color":"","background-image":"","background-repeat":"repeat","background-position":"center center","background-size":"auto","background-attachment":"scroll","background-type":"","background-media":"","overlay-type":"","overlay-color":"","overlay-opacity":"","overlay-gradient":""},"tablet":{"background-color":"","background-image":"","background-repeat":"repeat","background-position":"center center","background-size":"auto","background-attachment":"scroll","background-type":"","background-media":"","overlay-type":"","overlay-color":"","overlay-opacity":"","overlay-gradient":""},"mobile":{"background-color":"","background-image":"","background-repeat":"repeat","background-position":"center center","background-size":"auto","background-attachment":"scroll","background-type":"","background-media":"","overlay-type":"","overlay-color":"","overlay-opacity":"","overlay-gradient":""}},"ast-content-background-meta":{"desktop":{"background-color":"var(--ast-global-color-5)","background-image":"","background-repeat":"repeat","background-position":"center center","background-size":"auto","background-attachment":"scroll","background-type":"","background-media":"","overlay-type":"","overlay-color":"","overlay-opacity":"","overlay-gradient":""},"tablet":{"background-color":"var(--ast-global-color-5)","background-image":"","background-repeat":"repeat","background-position":"center center","background-size":"auto","background-attachment":"scroll","background-type":"","background-media":"","overlay-type":"","overlay-color":"","overlay-opacity":"","overlay-gradient":""},"mobile":{"background-color":"var(--ast-global-color-5)","background-image":"","background-repeat":"repeat","background-position":"center center","background-size":"auto","background-attachment":"scroll","background-type":"","background-media":"","overlay-type":"","overlay-color":"","overlay-opacity":"","overlay-gradient":""}},"footnotes":""},"class_list":["post-26530","page","type-page","status-publish","hentry"],"aioseo_notices":[],"_links":{"self":[{"href":"https:\/\/www.sunenergyxt.com\/blog\/wp-json\/wp\/v2\/pages\/26530","targetHints":{"allow":["GET"]}}],"collection":[{"href":"https:\/\/www.sunenergyxt.com\/blog\/wp-json\/wp\/v2\/pages"}],"about":[{"href":"https:\/\/www.sunenergyxt.com\/blog\/wp-json\/wp\/v2\/types\/page"}],"author":[{"embeddable":true,"href":"https:\/\/www.sunenergyxt.com\/blog\/wp-json\/wp\/v2\/users\/1"}],"replies":[{"embeddable":true,"href":"https:\/\/www.sunenergyxt.com\/blog\/wp-json\/wp\/v2\/comments?post=26530"}],"version-history":[{"count":13,"href":"https:\/\/www.sunenergyxt.com\/blog\/wp-json\/wp\/v2\/pages\/26530\/revisions"}],"predecessor-version":[{"id":26655,"href":"https:\/\/www.sunenergyxt.com\/blog\/wp-json\/wp\/v2\/pages\/26530\/revisions\/26655"}],"wp:attachment":[{"href":"https:\/\/www.sunenergyxt.com\/blog\/wp-json\/wp\/v2\/media?parent=26530"}],"curies":[{"name":"wp","href":"https:\/\/api.w.org\/{rel}","templated":true}]}}